{"id":20,"date":"2021-01-18T06:23:05","date_gmt":"2021-01-18T06:23:05","guid":{"rendered":"https:\/\/pcrom-mexico.com\/?page_id=20"},"modified":"2021-04-22T23:48:48","modified_gmt":"2021-04-23T05:48:48","slug":"nosotros","status":"publish","type":"page","link":"https:\/\/pcrom-mexico.com\/index.php\/nosotros\/","title":{"rendered":"Nosotros"},"content":{"rendered":"<p>[et_pb_section fb_built=&#8221;1&#8243; admin_label=&#8221;Hero&#8221; _builder_version=&#8221;3.22&#8243; use_background_color_gradient=&#8221;on&#8221; background_color_gradient_start=&#8221;rgba(40,40,40,0.79)&#8221; background_color_gradient_end=&#8221;rgba(40,40,40,0.86)&#8221; background_color_gradient_type=&#8221;radial&#8221; background_color_gradient_direction_radial=&#8221;top left&#8221; background_color_gradient_overlays_image=&#8221;on&#8221; background_image=&#8221;https:\/\/pcrom-mexico.com\/wp-content\/uploads\/2021\/01\/construction-21.jpg&#8221; custom_margin=&#8221;||||false&#8221; custom_padding=&#8221;10vw||10vw||true|false&#8221;][et_pb_row column_structure=&#8221;2_3,1_3&#8243; _builder_version=&#8221;3.25&#8243; min_height=&#8221;637.3px&#8221;][et_pb_column type=&#8221;2_3&#8243; _builder_version=&#8221;3.25&#8243; custom_padding=&#8221;|||&#8221; custom_padding__hover=&#8221;|||&#8221;][et_pb_text _builder_version=&#8221;4.8.1&#8243; text_font=&#8221;||||||||&#8221; header_font=&#8221;Rubik|700|||||||&#8221; header_font_size=&#8221;64px&#8221; header_line_height=&#8221;1.1em&#8221; background_layout=&#8221;dark&#8221; max_width=&#8221;800px&#8221; custom_margin=&#8221;||0px|&#8221; custom_padding=&#8221;|||16px&#8221; text_font_size_tablet=&#8221;14px&#8221; text_font_size_last_edited=&#8221;off|desktop&#8221; header_font_size_tablet=&#8221;44px&#8221; header_font_size_phone=&#8221;32px&#8221; header_font_size_last_edited=&#8221;on|phone&#8221; border_color_all=&#8221;#ffb400&#8243; border_width_left=&#8221;10px&#8221;]<\/p>\n<h1>Acerca de nosotros<\/h1>\n<p>[\/et_pb_text][et_pb_text _builder_version=&#8221;4.8.1&#8243; text_font=&#8221;||||||||&#8221; text_font_size=&#8221;22px&#8221; text_line_height=&#8221;1.6em&#8221; header_font=&#8221;||||||||&#8221; background_layout=&#8221;dark&#8221; max_width=&#8221;800px&#8221; custom_margin=&#8221;|||&#8221; custom_padding=&#8221;20px||20px||true&#8221; text_font_size_tablet=&#8221;18px&#8221; text_font_size_phone=&#8221;&#8221; text_font_size_last_edited=&#8221;on|phone&#8221;]<\/p>\n<p>PCROM, es una empresa que participa en diversos sectores de la industria de la construcci\u00f3n, como lo son la ejecuci\u00f3n de Proyectos, Construcci\u00f3n, Rehabilitaci\u00f3n, Operaci\u00f3n y Mantenimiento de todo tipo de infraestructura.<\/p>\n<p>La empresa nace con la necesidad de contribuir al desarrollo de proyectos de infraestructura y mejorar su funcionamiento mediante la innovaci\u00f3n y utilizaci\u00f3n de nuevas tecnolog\u00edas, participamos en el sector p\u00fablico y privado y contamos con una amplia experiencia que se combina con la juventud y capacidad de su capital humano para hacer frente a las necesidades de cada proyecto.<\/p>\n<p>Contamos con una gran trayectoria profesional en construcci\u00f3n de obras, rehabilitaci\u00f3n, conservaci\u00f3n y modernizaci\u00f3n de carreteras, vialidades, puentes, deprimidos, edificaciones y tuneles entre otros.<\/p>\n<p>[\/et_pb_text][et_pb_button button_text=&#8221;Ver nuestros trabajos&#8221; _builder_version=&#8221;4.8.1&#8243; custom_button=&#8221;on&#8221; button_text_size=&#8221;14px&#8221; button_bg_color=&#8221;#ffb400&#8243; button_border_width=&#8221;12px&#8221; button_border_color=&#8221;#ffb400&#8243; button_border_radius=&#8221;0px&#8221; button_letter_spacing=&#8221;4px&#8221; button_font=&#8221;Rubik|700||on|||||&#8221; button_icon=&#8221;%%3%%&#8221; background_layout=&#8221;dark&#8221; custom_margin=&#8221;|||&#8221; button_text_size__hover_enabled=&#8221;off&#8221; button_one_text_size__hover_enabled=&#8221;off&#8221; button_two_text_size__hover_enabled=&#8221;off&#8221; button_text_color__hover_enabled=&#8221;off&#8221; button_one_text_color__hover_enabled=&#8221;off&#8221; button_two_text_color__hover_enabled=&#8221;off&#8221; button_border_width__hover_enabled=&#8221;off&#8221; button_one_border_width__hover_enabled=&#8221;off&#8221; button_two_border_width__hover_enabled=&#8221;off&#8221; button_border_color__hover_enabled=&#8221;off&#8221; button_one_border_color__hover_enabled=&#8221;off&#8221; button_two_border_color__hover_enabled=&#8221;off&#8221; button_border_radius__hover_enabled=&#8221;off&#8221; button_one_border_radius__hover_enabled=&#8221;off&#8221; button_two_border_radius__hover_enabled=&#8221;off&#8221; button_letter_spacing__hover_enabled=&#8221;off&#8221; button_one_letter_spacing__hover_enabled=&#8221;off&#8221; button_two_letter_spacing__hover_enabled=&#8221;off&#8221; button_bg_color__hover_enabled=&#8221;off&#8221; button_one_bg_color__hover_enabled=&#8221;off&#8221; button_two_bg_color__hover_enabled=&#8221;off&#8221;][\/et_pb_button][\/et_pb_column][et_pb_column type=&#8221;1_3&#8243; _builder_version=&#8221;3.25&#8243; custom_padding=&#8221;|||&#8221; custom_padding__hover=&#8221;|||&#8221;][et_pb_blurb title=&#8221;Visi\u00f3n&#8221; image=&#8221;https:\/\/pcrom-mexico.com\/wp-content\/uploads\/2021\/03\/eye-solid.png&#8221; icon_placement=&#8221;left&#8221; image_max_width=&#8221;64px&#8221; content_max_width=&#8221;1100px&#8221; content_max_width_tablet=&#8221;1100px&#8221; content_max_width_last_edited=&#8221;off|desktop&#8221; _builder_version=&#8221;4.8.1&#8243; header_font=&#8221;Rubik|700|||||||&#8221; header_line_height=&#8221;1.4em&#8221; body_font=&#8221;||||||||&#8221; body_font_size=&#8221;15px&#8221; body_line_height=&#8221;1.8em&#8221; background_layout=&#8221;dark&#8221; width=&#8221;100%&#8221; custom_margin=&#8221;|||&#8221; custom_padding=&#8221;|||&#8221; animation_style=&#8221;slide&#8221; animation_direction=&#8221;right&#8221; animation_intensity_slide=&#8221;10%&#8221; animation=&#8221;off&#8221;]<\/p>\n<p>Ser una empresa l\u00edder en proyectos de construcci\u00f3n, rehabilitaci\u00f3n, modernizaci\u00f3n, operaci\u00f3n y mantenimiento de infraestructura, mediante los m\u00e1s estrictos procesos de calidad y mejora continua para contribuir al desarrollo y crecimiento de nuestro pa\u00eds.<\/p>\n<p>[\/et_pb_blurb][et_pb_blurb title=&#8221;Misi\u00f3n&#8221; image=&#8221;https:\/\/pcrom-mexico.com\/wp-content\/uploads\/2021\/03\/award-solid-225&#215;300.png&#8221; icon_placement=&#8221;left&#8221; image_max_width=&#8221;64px&#8221; content_max_width=&#8221;1100px&#8221; content_max_width_tablet=&#8221;1100px&#8221; content_max_width_last_edited=&#8221;off|desktop&#8221; _builder_version=&#8221;4.8.1&#8243; header_font=&#8221;Rubik|700|||||||&#8221; header_line_height=&#8221;1.4em&#8221; body_font=&#8221;||||||||&#8221; body_font_size=&#8221;15px&#8221; body_line_height=&#8221;1.8em&#8221; background_layout=&#8221;dark&#8221; custom_margin=&#8221;|||&#8221; custom_padding=&#8221;|||&#8221; animation_style=&#8221;slide&#8221; animation_direction=&#8221;right&#8221; animation_delay=&#8221;100ms&#8221; animation_intensity_slide=&#8221;10%&#8221; animation=&#8221;off&#8221;]<\/p>\n<p>Contribuir con nuestra experiencia para mejorar los proyectos de infraestructura con la inclusi\u00f3n de valores agregados e innovadores a nuestros clientes para satisfacer las necesidades mas exigentes.<\/p>\n<p>[\/et_pb_blurb][et_pb_blurb title=&#8221;Valores&#8221; image=&#8221;https:\/\/pcrom-mexico.com\/wp-content\/uploads\/2021\/03\/child-solid-225&#215;300.png&#8221; icon_placement=&#8221;left&#8221; image_max_width=&#8221;64px&#8221; content_max_width=&#8221;1100px&#8221; content_max_width_tablet=&#8221;1100px&#8221; content_max_width_last_edited=&#8221;off|desktop&#8221; _builder_version=&#8221;4.8.1&#8243; header_font=&#8221;Rubik|700|||||||&#8221; header_line_height=&#8221;1.4em&#8221; body_font=&#8221;||||||||&#8221; body_font_size=&#8221;15px&#8221; body_line_height=&#8221;1.8em&#8221; background_layout=&#8221;dark&#8221; custom_margin=&#8221;|||&#8221; custom_padding=&#8221;|||&#8221; animation_style=&#8221;slide&#8221; animation_direction=&#8221;right&#8221; animation_delay=&#8221;200ms&#8221; animation_intensity_slide=&#8221;10%&#8221; animation=&#8221;off&#8221;]<\/p>\n<p>Liderazgo<br \/>Innovaci\u00f3n y actualizaci\u00f3n de nuevas tecnolog\u00edas del mercado.<br \/>Procesos de mejora continua.<br \/>Lealtad.<br \/>Honestidad.<br \/>Respeto.<br \/>Colaboraci\u00f3n y trabajo en equipo.<br \/>Integridad.<br \/>\u00c9tica profesional.<br \/>Responsabilidad.<br \/>Fomento de mejores ambientes laborales.<br \/>Inclusi\u00f3n social.<br \/>Cuidado del planeta.<\/p>\n<p>[\/et_pb_blurb][\/et_pb_column][\/et_pb_row][\/et_pb_section][et_pb_section fb_built=&#8221;1&#8243; specialty=&#8221;on&#8221; padding_top_bottom_link_1=&#8221;true&#8221; padding_left_right_link_1=&#8221;false&#8221; padding_top_1=&#8221;80px&#8221; padding_bottom_1=&#8221;80px&#8221; padding_left_1=&#8221;60px&#8221; padding_1_tablet=&#8221;|10%||10%||true&#8221; padding_1_phone=&#8221;&#8221; padding_1_last_edited=&#8221;on|desktop&#8221; admin_label=&#8221;About Us Continued&#8221; _builder_version=&#8221;3.22&#8243; background_color=&#8221;#f7f7f7&#8243; inner_width=&#8221;100%&#8221; inner_max_width=&#8221;100%&#8221; custom_padding=&#8221;0||||false|false&#8221; use_custom_width=&#8221;on&#8221; width_unit=&#8221;off&#8221; custom_width_percent=&#8221;100%&#8221;][et_pb_column type=&#8221;1_3&#8243; _builder_version=&#8221;3.25&#8243; custom_padding=&#8221;|||&#8221; padding_tablet=&#8221;|10%||10%||true&#8221; padding_last_edited=&#8221;on|desktop&#8221; custom_padding__hover=&#8221;|||&#8221;][et_pb_text _builder_version=&#8221;4.8.1&#8243; text_font=&#8221;||||||||&#8221; header_font=&#8221;||||||||&#8221; header_2_font=&#8221;Rubik|700|||||||&#8221; header_2_font_size=&#8221;32px&#8221; header_2_line_height=&#8221;1.2em&#8221; custom_margin=&#8221;|||&#8221; custom_padding=&#8221;|||&#8221; header_2_font_size_last_edited=&#8221;off|desktop&#8221; locked=&#8221;off&#8221;]<\/p>\n<h2>TU MEJOR OPCI\u00d3N<\/h2>\n<p>[\/et_pb_text][et_pb_blurb title=&#8221;Construcci\u00f3n ecol\u00f3gica&#8221; use_icon=&#8221;on&#8221; font_icon=&#8221;%%24%%&#8221; icon_color=&#8221;#ffb400&#8243; icon_placement=&#8221;left&#8221; content_max_width=&#8221;1100px&#8221; use_icon_font_size=&#8221;on&#8221; icon_font_size=&#8221;56px&#8221; content_max_width_tablet=&#8221;1100px&#8221; content_max_width_last_edited=&#8221;off|desktop&#8221; _builder_version=&#8221;4.9.2&#8243; header_font=&#8221;Rubik|700|||||||&#8221; header_line_height=&#8221;1.4em&#8221; body_font=&#8221;||||||||&#8221; body_font_size=&#8221;15px&#8221; body_line_height=&#8221;1.8em&#8221; custom_margin=&#8221;|||&#8221; custom_padding=&#8221;|||&#8221; animation_style=&#8221;slide&#8221; animation_direction=&#8221;right&#8221; animation_intensity_slide=&#8221;10%&#8221; animation=&#8221;off&#8221; hover_enabled=&#8221;0&#8243; sticky_enabled=&#8221;0&#8243;]<\/p>\n<p><span>Siempre estamos pensando en el planeta, somos una empresa que cuida el medio ambiente.<\/span><\/p>\n<p>[\/et_pb_blurb][et_pb_blurb title=&#8221;Reparaci\u00f3n con la \u00faltima tecnolog\u00eda&#8221; use_icon=&#8221;on&#8221; font_icon=&#8221;%%24%%&#8221; icon_color=&#8221;#ffb400&#8243; icon_placement=&#8221;left&#8221; content_max_width=&#8221;1100px&#8221; use_icon_font_size=&#8221;on&#8221; icon_font_size=&#8221;56px&#8221; content_max_width_tablet=&#8221;1100px&#8221; content_max_width_last_edited=&#8221;off|desktop&#8221; _builder_version=&#8221;4.9.2&#8243; header_font=&#8221;Rubik|700|||||||&#8221; header_line_height=&#8221;1.4em&#8221; body_font=&#8221;||||||||&#8221; body_font_size=&#8221;15px&#8221; body_line_height=&#8221;1.8em&#8221; custom_margin=&#8221;|||&#8221; custom_padding=&#8221;|||&#8221; animation_style=&#8221;slide&#8221; animation_direction=&#8221;right&#8221; animation_intensity_slide=&#8221;10%&#8221; animation=&#8221;off&#8221; hover_enabled=&#8221;0&#8243; sticky_enabled=&#8221;0&#8243;]<\/p>\n<p><span>Contamos con las herramientas y maquinaria mas reciente con el fin de satisfacer tus necesidades.<\/span><\/p>\n<p>[\/et_pb_blurb][et_pb_button button_text=&#8221;COTIZACI\u00d3N GRATIS&#8221; button_alignment=&#8221;right&#8221; _builder_version=&#8221;4.8.1&#8243; custom_button=&#8221;on&#8221; button_text_size=&#8221;14px&#8221; button_text_color=&#8221;#ffb400&#8243; button_border_width=&#8221;4px&#8221; button_border_radius=&#8221;0px&#8221; button_letter_spacing=&#8221;4px&#8221; button_font=&#8221;Rubik|700||on|||||&#8221; button_icon=&#8221;%%3%%&#8221; custom_padding=&#8221;12px|30px|12px|30px|true|true&#8221; button_text_color_hover=&#8221;#ffffff&#8221; button_border_color_hover=&#8221;#ffb400&#8243; button_bg_color_hover=&#8221;#ffb400&#8243; locked=&#8221;off&#8221; button_text_size__hover_enabled=&#8221;off&#8221; button_one_text_size__hover_enabled=&#8221;off&#8221; button_two_text_size__hover_enabled=&#8221;off&#8221; button_text_color__hover_enabled=&#8221;on&#8221; button_text_color__hover=&#8221;#ffffff&#8221; button_one_text_color__hover_enabled=&#8221;off&#8221; button_two_text_color__hover_enabled=&#8221;off&#8221; button_border_width__hover_enabled=&#8221;off&#8221; button_one_border_width__hover_enabled=&#8221;off&#8221; button_two_border_width__hover_enabled=&#8221;off&#8221; button_border_color__hover_enabled=&#8221;on&#8221; button_border_color__hover=&#8221;#ffb400&#8243; button_one_border_color__hover_enabled=&#8221;off&#8221; button_two_border_color__hover_enabled=&#8221;off&#8221; button_border_radius__hover_enabled=&#8221;off&#8221; button_one_border_radius__hover_enabled=&#8221;off&#8221; button_two_border_radius__hover_enabled=&#8221;off&#8221; button_letter_spacing__hover_enabled=&#8221;off&#8221; button_one_letter_spacing__hover_enabled=&#8221;off&#8221; button_two_letter_spacing__hover_enabled=&#8221;off&#8221; button_bg_color__hover_enabled=&#8221;on&#8221; button_bg_color__hover=&#8221;#ffb400&#8243; button_one_bg_color__hover_enabled=&#8221;off&#8221; button_two_bg_color__hover_enabled=&#8221;off&#8221;][\/et_pb_button][\/et_pb_column][et_pb_column type=&#8221;2_3&#8243; specialty_columns=&#8221;2&#8243; _builder_version=&#8221;3.25&#8243; custom_padding=&#8221;|||&#8221; custom_padding__hover=&#8221;|||&#8221;][et_pb_row_inner custom_padding_last_edited=&#8221;off|desktop&#8221; _builder_version=&#8221;3.25&#8243; custom_margin=&#8221;|||&#8221; custom_padding=&#8221;0|0|0|0|true|true&#8221; custom_padding_tablet=&#8221;|40px||40px||true&#8221;][et_pb_column_inner saved_specialty_column_type=&#8221;2_3&#8243; _builder_version=&#8221;3.25&#8243; custom_padding=&#8221;|||&#8221; custom_padding__hover=&#8221;|||&#8221;][et_pb_image src=&#8221;https:\/\/pcrom-mexico.com\/wp-content\/uploads\/2021\/01\/construction-22.jpg&#8221; force_fullwidth=&#8221;on&#8221; align_tablet=&#8221;center&#8221; align_phone=&#8221;&#8221; align_last_edited=&#8221;on|desktop&#8221; _builder_version=&#8221;3.23&#8243;][\/et_pb_image][\/et_pb_column_inner][\/et_pb_row_inner][et_pb_row_inner column_structure=&#8221;1_2,1_2&#8243; use_custom_gutter=&#8221;on&#8221; gutter_width=&#8221;1&#8243; padding_top_bottom_link_1=&#8221;true&#8221; padding_top_bottom_link_2=&#8221;true&#8221; _builder_version=&#8221;3.25&#8243; background_color=&#8221;#d1d1d1&#8243; custom_margin=&#8221;|||&#8221; custom_padding=&#8221;0||0||true|false&#8221; animation_style=&#8221;slide&#8221; animation_direction=&#8221;top&#8221; animation_intensity_slide=&#8221;10%&#8221; box_shadow_style=&#8221;preset3&#8243; box_shadow_vertical=&#8221;30px&#8221; box_shadow_blur=&#8221;65px&#8221; box_shadow_spread=&#8221;-30px&#8221; box_shadow_color=&#8221;rgba(0,0,0,0.35)&#8221;][et_pb_column_inner type=&#8221;1_2&#8243; saved_specialty_column_type=&#8221;2_3&#8243; _builder_version=&#8221;3.25&#8243; background_color=&#8221;#ffb400&#8243; custom_padding=&#8221;15px||15px|&#8221; custom_padding__hover=&#8221;|||&#8221;][et_pb_number_counter title=&#8221;A\u00d1OS ESTABLECIDOS&#8221; number=&#8221;12&#8243; percent_sign=&#8221;off&#8221; _builder_version=&#8221;4.8.1&#8243; title_font=&#8221;Rubik|700||on|||||&#8221; title_font_size=&#8221;12px&#8221; title_letter_spacing=&#8221;2px&#8221; title_line_height=&#8221;1.6em&#8221; number_font=&#8221;Rubik|700|||||||&#8221; number_text_color=&#8221;#2a2a2a&#8221; number_font_size=&#8221;42px&#8221; number_line_height=&#8221;110px&#8221; number_font_size_tablet=&#8221;&#8221; number_font_size_phone=&#8221;36px&#8221; number_font_size_last_edited=&#8221;on|phone&#8221;][\/et_pb_number_counter][\/et_pb_column_inner][et_pb_column_inner type=&#8221;1_2&#8243; saved_specialty_column_type=&#8221;2_3&#8243; _builder_version=&#8221;3.25&#8243; background_color=&#8221;#2a2a2a&#8221; custom_padding=&#8221;15px||15px|&#8221; custom_padding__hover=&#8221;|||&#8221;][et_pb_number_counter title=&#8221;PROYECTOS COMPLETADOS&#8221; number=&#8221;250&#8243; percent_sign=&#8221;off&#8221; _builder_version=&#8221;4.8.1&#8243; title_font=&#8221;Rubik|700||on|||||&#8221; title_font_size=&#8221;12px&#8221; title_letter_spacing=&#8221;2px&#8221; title_line_height=&#8221;1.6em&#8221; number_font=&#8221;Rubik|700|||||||&#8221; number_text_color=&#8221;#ffffff&#8221; number_font_size=&#8221;42px&#8221; number_line_height=&#8221;110px&#8221; background_layout=&#8221;dark&#8221; number_font_size_tablet=&#8221;&#8221; number_font_size_phone=&#8221;36px&#8221; number_font_size_last_edited=&#8221;on|phone&#8221; locked=&#8221;off&#8221;][\/et_pb_number_counter][\/et_pb_column_inner][\/et_pb_row_inner][\/et_pb_column][\/et_pb_section]<\/p>\n","protected":false},"excerpt":{"rendered":"<p>[et_pb_section fb_built=&#8221;1&#8243; admin_label=&#8221;Hero&#8221; _builder_version=&#8221;3.22&#8243; use_background_color_gradient=&#8221;on&#8221; background_color_gradient_start=&#8221;rgba(40,40,40,0.79)&#8221; background_color_gradient_end=&#8221;rgba(40,40,40,0.86)&#8221; background_color_gradient_type=&#8221;radial&#8221; background_color_gradient_direction_radial=&#8221;top left&#8221; background_color_gradient_overlays_image=&#8221;on&#8221; background_image=&#8221;https:\/\/pcrom-mexico.com\/wp-content\/uploads\/2021\/01\/construction-21.jpg&#8221; custom_margin=&#8221;||||false&#8221; custom_padding=&#8221;10vw||10vw||true|false&#8221;][et_pb_row column_structure=&#8221;2_3,1_3&#8243; _builder_version=&#8221;3.25&#8243; min_height=&#8221;637.3px&#8221;][et_pb_column type=&#8221;2_3&#8243; _builder_version=&#8221;3.25&#8243; custom_padding=&#8221;|||&#8221; custom_padding__hover=&#8221;|||&#8221;][et_pb_text _builder_version=&#8221;4.8.1&#8243; text_font=&#8221;||||||||&#8221; header_font=&#8221;Rubik|700|||||||&#8221; header_font_size=&#8221;64px&#8221; header_line_height=&#8221;1.1em&#8221; background_layout=&#8221;dark&#8221; max_width=&#8221;800px&#8221; custom_margin=&#8221;||0px|&#8221; custom_padding=&#8221;|||16px&#8221; text_font_size_tablet=&#8221;14px&#8221; text_font_size_last_edited=&#8221;off|desktop&#8221; header_font_size_tablet=&#8221;44px&#8221; header_font_size_phone=&#8221;32px&#8221; header_font_size_last_edited=&#8221;on|phone&#8221; border_color_all=&#8221;#ffb400&#8243; border_width_left=&#8221;10px&#8221;] Acerca de nosotros [\/et_pb_text][et_pb_text _builder_version=&#8221;4.8.1&#8243; text_font=&#8221;||||||||&#8221; text_font_size=&#8221;22px&#8221; text_line_height=&#8221;1.6em&#8221; header_font=&#8221;||||||||&#8221; background_layout=&#8221;dark&#8221; max_width=&#8221;800px&#8221; custom_margin=&#8221;|||&#8221; custom_padding=&#8221;20px||20px||true&#8221; text_font_size_tablet=&#8221;18px&#8221; text_font_size_phone=&#8221;&#8221; text_font_size_last_edited=&#8221;on|phone&#8221;] PCROM, es [&hellip;]<\/p>\n","protected":false},"author":1,"featured_media":0,"parent":0,"menu_order":0,"comment_status":"closed","ping_status":"closed","template":"","meta":{"_et_pb_use_builder":"on","_et_pb_old_content":"","_et_gb_content_width":"","footnotes":""},"class_list":["post-20","page","type-page","status-publish","hentry"],"_links":{"self":[{"href":"https:\/\/pcrom-mexico.com\/index.php\/wp-json\/wp\/v2\/pages\/20","targetHints":{"allow":["GET"]}}],"collection":[{"href":"https:\/\/pcrom-mexico.com\/index.php\/wp-json\/wp\/v2\/pages"}],"about":[{"href":"https:\/\/pcrom-mexico.com\/index.php\/wp-json\/wp\/v2\/types\/page"}],"author":[{"embeddable":true,"href":"https:\/\/pcrom-mexico.com\/index.php\/wp-json\/wp\/v2\/users\/1"}],"replies":[{"embeddable":true,"href":"https:\/\/pcrom-mexico.com\/index.php\/wp-json\/wp\/v2\/comments?post=20"}],"version-history":[{"count":7,"href":"https:\/\/pcrom-mexico.com\/index.php\/wp-json\/wp\/v2\/pages\/20\/revisions"}],"predecessor-version":[{"id":137,"href":"https:\/\/pcrom-mexico.com\/index.php\/wp-json\/wp\/v2\/pages\/20\/revisions\/137"}],"wp:attachment":[{"href":"https:\/\/pcrom-mexico.com\/index.php\/wp-json\/wp\/v2\/media?parent=20"}],"curies":[{"name":"wp","href":"https:\/\/api.w.org\/{rel}","templated":true}]}}